{"id":196,"date":"2022-01-19T15:58:45","date_gmt":"2022-01-19T15:58:45","guid":{"rendered":"http:\/\/volterra.com.co\/?page_id=196"},"modified":"2024-05-20T14:41:01","modified_gmt":"2024-05-20T14:41:01","slug":"quienes-somos","status":"publish","type":"page","link":"https:\/\/volterra.com.co\/index.php\/quienes-somos\/","title":{"rendered":"Quienes Somos"},"content":{"rendered":"\t\t<div data-elementor-type=\"wp-page\" data-elementor-id=\"196\" class=\"elementor elementor-196\">\n\t\t\t\t\t\t<section class=\"elementor-section elementor-top-section elementor-element elementor-element-a299f7f elementor-section-stretched elementor-section-boxed elementor-section-height-default elementor-section-height-default wpr-particle-no wpr-jarallax-no wpr-parallax-no wpr-sticky-section-no\" data-id=\"a299f7f\" data-element_type=\"section\" data-settings=\"{&quot;stretch_section&quot;:&quot;section-stretched&quot;}\">\n\t\t\t\t\t\t<div class=\"elementor-container elementor-column-gap-default\">\n\t\t\t\t\t<div class=\"elementor-column elementor-col-100 elementor-top-column elementor-element elementor-element-1fb695a\" data-id=\"1fb695a\" data-element_type=\"column\">\n\t\t\t<div class=\"elementor-widget-wrap elementor-element-populated\">\n\t\t\t\t\t\t<section class=\"elementor-section elementor-inner-section elementor-element elementor-element-cb942ae elementor-section-boxed elementor-section-height-default elementor-section-height-default wpr-particle-no wpr-jarallax-no wpr-parallax-no wpr-sticky-section-no\" data-id=\"cb942ae\" data-element_type=\"section\">\n\t\t\t\t\t\t<div class=\"elementor-container elementor-column-gap-default\">\n\t\t\t\t\t<div class=\"elementor-column elementor-col-50 elementor-inner-column elementor-element elementor-element-33f14fc\" data-id=\"33f14fc\" data-element_type=\"column\">\n\t\t\t<div class=\"elementor-widget-wrap elementor-element-populated\">\n\t\t\t\t\t\t<div class=\"elementor-element elementor-element-9c9debc elementor-widget elementor-widget-heading\" data-id=\"9c9debc\" data-element_type=\"widget\" id=\"nosotros\" data-widget_type=\"heading.default\">\n\t\t\t\t<div class=\"elementor-widget-container\">\n\t\t\t\t\t<h2 class=\"elementor-heading-title elementor-size-default\">Nosotros<\/h2>\t\t\t\t<\/div>\n\t\t\t\t<\/div>\n\t\t\t\t<div class=\"elementor-element elementor-element-32d83b2 elementor-widget elementor-widget-heading\" data-id=\"32d83b2\" data-element_type=\"widget\" data-widget_type=\"heading.default\">\n\t\t\t\t<div class=\"elementor-widget-container\">\n\t\t\t\t\t<p class=\"elementor-heading-title elementor-size-small\">Somos una empresa dedicada al suministro, transformaci\u00f3n e instalaci\u00f3n de materiales para acabados arquitect\u00f3nicos.\nContamos con 13 a\u00f1os en el mercado, tiempo en el cual nos hemos comprometido con la innovaci\u00f3n de productos y la b\u00fasqueda de nuevos materiales y aplicaciones. \n<br><br>En esta insaciable b\u00fasqueda nos hemos convertido orgullosamente en los distribuidores exclusivos de Neolith para Colombia desde el 2014.<\/p>\t\t\t\t<\/div>\n\t\t\t\t<\/div>\n\t\t\t\t\t<\/div>\n\t\t<\/div>\n\t\t\t\t<div class=\"elementor-column elementor-col-50 elementor-inner-column elementor-element elementor-element-5e83bb4\" data-id=\"5e83bb4\" data-element_type=\"column\">\n\t\t\t<div class=\"elementor-widget-wrap elementor-element-populated\">\n\t\t\t\t\t\t<div class=\"elementor-element elementor-element-166b68a elementor-widget elementor-widget-image\" data-id=\"166b68a\" data-element_type=\"widget\" data-widget_type=\"image.default\">\n\t\t\t\t<div class=\"elementor-widget-container\">\n\t\t\t\t\t\t\t\t\t\t\t\t\t\t\t<img fetchpriority=\"high\" decoding=\"async\" width=\"525\" height=\"350\" src=\"https:\/\/volterra.com.co\/wp-content\/uploads\/2022\/01\/cropped-IMG-20200503-WA0035-1024x682.jpg\" class=\"attachment-large size-large wp-image-240\" alt=\"\" srcset=\"https:\/\/volterra.com.co\/wp-content\/uploads\/2022\/01\/cropped-IMG-20200503-WA0035-1024x682.jpg 1024w, https:\/\/volterra.com.co\/wp-content\/uploads\/2022\/01\/cropped-IMG-20200503-WA0035-300x200.jpg 300w, https:\/\/volterra.com.co\/wp-content\/uploads\/2022\/01\/cropped-IMG-20200503-WA0035-768x512.jpg 768w, https:\/\/volterra.com.co\/wp-content\/uploads\/2022\/01\/cropped-IMG-20200503-WA0035.jpg 1280w\" sizes=\"100vw\" \/>\t\t\t\t\t\t\t\t\t\t\t\t\t\t\t<\/div>\n\t\t\t\t<\/div>\n\t\t\t\t\t<\/div>\n\t\t<\/div>\n\t\t\t\t\t<\/div>\n\t\t<\/section>\n\t\t\t\t\t<\/div>\n\t\t<\/div>\n\t\t\t\t\t<\/div>\n\t\t<\/section>\n\t\t\t\t<section class=\"elementor-section elementor-top-section elementor-element elementor-element-47aaf45 elementor-section-stretched elementor-section-boxed elementor-section-height-default elementor-section-height-default wpr-particle-no wpr-jarallax-no wpr-parallax-no wpr-sticky-section-no\" data-id=\"47aaf45\" data-element_type=\"section\" data-settings=\"{&quot;stretch_section&quot;:&quot;section-stretched&quot;}\">\n\t\t\t\t\t\t<div class=\"elementor-container elementor-column-gap-default\">\n\t\t\t\t\t<div class=\"elementor-column elementor-col-100 elementor-top-column elementor-element elementor-element-866bcd4\" data-id=\"866bcd4\" data-element_type=\"column\">\n\t\t\t<div class=\"elementor-widget-wrap elementor-element-populated\">\n\t\t\t\t\t\t<div class=\"elementor-element elementor-element-e2b39c5 elementor-widget-divider--view-line elementor-widget elementor-widget-divider\" data-id=\"e2b39c5\" data-element_type=\"widget\" data-widget_type=\"divider.default\">\n\t\t\t\t<div class=\"elementor-widget-container\">\n\t\t\t\t\t\t\t<div class=\"elementor-divider\">\n\t\t\t<span class=\"elementor-divider-separator\">\n\t\t\t\t\t\t<\/span>\n\t\t<\/div>\n\t\t\t\t\t\t<\/div>\n\t\t\t\t<\/div>\n\t\t\t\t<section class=\"elementor-section elementor-inner-section elementor-element elementor-element-41fc0dc elementor-section-boxed elementor-section-height-default elementor-section-height-default wpr-particle-no wpr-jarallax-no wpr-parallax-no wpr-sticky-section-no\" data-id=\"41fc0dc\" data-element_type=\"section\">\n\t\t\t\t\t\t<div class=\"elementor-container elementor-column-gap-default\">\n\t\t\t\t\t<div class=\"elementor-column elementor-col-50 elementor-inner-column elementor-element elementor-element-95602cc\" data-id=\"95602cc\" data-element_type=\"column\">\n\t\t\t<div class=\"elementor-widget-wrap elementor-element-populated\">\n\t\t\t\t\t\t<div class=\"elementor-element elementor-element-6858bd7 elementor-widget elementor-widget-heading\" data-id=\"6858bd7\" data-element_type=\"widget\" id=\"formatos\" data-widget_type=\"heading.default\">\n\t\t\t\t<div class=\"elementor-widget-container\">\n\t\t\t\t\t<h2 class=\"elementor-heading-title elementor-size-default\">Vianova Stone Gallery<\/h2>\t\t\t\t<\/div>\n\t\t\t\t<\/div>\n\t\t\t\t<div class=\"elementor-element elementor-element-3f19b58 elementor-widget elementor-widget-heading\" data-id=\"3f19b58\" data-element_type=\"widget\" data-widget_type=\"heading.default\">\n\t\t\t\t<div class=\"elementor-widget-container\">\n\t\t\t\t\t<p class=\"elementor-heading-title elementor-size-default\"><i>\"Hac\u00eda tiempo que quer\u00edamos incorporar una exposici\u00f3n inmersiva, como una galer\u00eda, a nuestras instalaciones. Era importante que fuera un espacio donde el arte, la arquitectura y el dise\u00f1o pudieran combinarse para poner de manifiesto la sofisticaci\u00f3n de los distintos modelos de Neolith\"<\/i><br><br>Santiago Escobar.<\/p>\t\t\t\t<\/div>\n\t\t\t\t<\/div>\n\t\t\t\t\t<\/div>\n\t\t<\/div>\n\t\t\t\t<div class=\"elementor-column elementor-col-50 elementor-inner-column elementor-element elementor-element-a5cbade\" data-id=\"a5cbade\" data-element_type=\"column\">\n\t\t\t<div class=\"elementor-widget-wrap elementor-element-populated\">\n\t\t\t\t\t\t<div class=\"elementor-element elementor-element-f62ffcd elementor-widget elementor-widget-image\" data-id=\"f62ffcd\" data-element_type=\"widget\" data-widget_type=\"image.default\">\n\t\t\t\t<div class=\"elementor-widget-container\">\n\t\t\t\t\t\t\t\t\t\t\t\t\t\t\t<img decoding=\"async\" width=\"525\" height=\"350\" src=\"https:\/\/volterra.com.co\/wp-content\/uploads\/2022\/03\/25B0940-1024x683.jpg\" class=\"attachment-large size-large wp-image-676\" alt=\"\" srcset=\"https:\/\/volterra.com.co\/wp-content\/uploads\/2022\/03\/25B0940-1024x683.jpg 1024w, https:\/\/volterra.com.co\/wp-content\/uploads\/2022\/03\/25B0940-300x200.jpg 300w, https:\/\/volterra.com.co\/wp-content\/uploads\/2022\/03\/25B0940-768x512.jpg 768w, https:\/\/volterra.com.co\/wp-content\/uploads\/2022\/03\/25B0940-1536x1024.jpg 1536w, https:\/\/volterra.com.co\/wp-content\/uploads\/2022\/03\/25B0940-2048x1365.jpg 2048w, https:\/\/volterra.com.co\/wp-content\/uploads\/2022\/03\/25B0940-450x300.jpg 450w\" sizes=\"100vw\" \/>\t\t\t\t\t\t\t\t\t\t\t\t\t\t\t<\/div>\n\t\t\t\t<\/div>\n\t\t\t\t\t<\/div>\n\t\t<\/div>\n\t\t\t\t\t<\/div>\n\t\t<\/section>\n\t\t\t\t<div class=\"elementor-element elementor-element-fde8bbc elementor-widget-divider--view-line elementor-widget elementor-widget-divider\" data-id=\"fde8bbc\" data-element_type=\"widget\" data-widget_type=\"divider.default\">\n\t\t\t\t<div class=\"elementor-widget-container\">\n\t\t\t\t\t\t\t<div class=\"elementor-divider\">\n\t\t\t<span class=\"elementor-divider-separator\">\n\t\t\t\t\t\t<\/span>\n\t\t<\/div>\n\t\t\t\t\t\t<\/div>\n\t\t\t\t<\/div>\n\t\t\t\t<div class=\"elementor-element elementor-element-6a8aef0 elementor-widget elementor-widget-html\" data-id=\"6a8aef0\" data-element_type=\"widget\" data-widget_type=\"html.default\">\n\t\t\t\t<div class=\"elementor-widget-container\">\n\t\t\t\t\t<!-- Google Tag Manager -->\r\n<script>(function(w,d,s,l,i){w[l]=w[l]||[];w[l].push({'gtm.start':\r\nnew Date().getTime(),event:'gtm.js'});var f=d.getElementsByTagName(s)[0],\r\nj=d.createElement(s),dl=l!='dataLayer'?'&l='+l:'';j.async=true;j.src=\r\n'https:\/\/www.googletagmanager.com\/gtm.js?id='+i+dl;f.parentNode.insertBefore(j,f);\r\n})(window,document,'script','dataLayer','GTM-NSG7QWV7')gtag('config', 'AW-16569505345');<\/script>\r\n<!-- End Google Tag Manager -->\t\t\t\t<\/div>\n\t\t\t\t<\/div>\n\t\t\t\t<div class=\"elementor-element elementor-element-8072b06 elementor-widget elementor-widget-html\" data-id=\"8072b06\" data-element_type=\"widget\" data-widget_type=\"html.default\">\n\t\t\t\t<div class=\"elementor-widget-container\">\n\t\t\t\t\t<!-- Google Tag Manager (noscript) -->\r\n<noscript><iframe src=\"https:\/\/www.googletagmanager.com\/ns.html?id=GTM-NSG7QWV7\"\r\nheight=\"0\" width=\"0\" style=\"display:none;visibility:hidden\"><\/iframe><\/noscript>\r\n<!-- End Google Tag Manager (noscript) -->\t\t\t\t<\/div>\n\t\t\t\t<\/div>\n\t\t\t\t\t<\/div>\n\t\t<\/div>\n\t\t\t\t\t<\/div>\n\t\t<\/section>\n\t\t\t\t<\/div>\n\t\t","protected":false},"excerpt":{"rendered":"<p>Nosotros Somos una empresa dedicada al suministro, transformaci\u00f3n e instalaci\u00f3n de materiales para acabados arquitect\u00f3nicos. Contamos con 13 a\u00f1os en el mercado, tiempo en el cual nos hemos comprometido con la innovaci\u00f3n de productos y la b\u00fasqueda de nuevos materiales y aplicaciones. En esta insaciable b\u00fasqueda nos hemos convertido orgullosamente en los distribuidores exclusivos de Neolith para Colombia desde el 2014. Vianova Stone Gallery &#8220;Hac\u00eda tiempo que quer\u00edamos incorporar una exposici\u00f3n inmersiva, como una galer\u00eda, a nuestras instalaciones. Era importante que fuera un espacio donde el arte, la arquitectura y el dise\u00f1o pudieran combinarse para poner de manifiesto la sofisticaci\u00f3n de los distintos modelos de Neolith&#8221; Santiago Escobar.<\/p>\n","protected":false},"author":1,"featured_media":0,"parent":0,"menu_order":0,"comment_status":"closed","ping_status":"closed","template":"","meta":{"om_disable_all_campaigns":false,"_monsterinsights_skip_tracking":false,"_monsterinsights_sitenote_active":false,"_monsterinsights_sitenote_note":"","_monsterinsights_sitenote_category":0,"_uf_show_specific_survey":0,"_uf_disable_surveys":false,"footnotes":""},"class_list":["post-196","page","type-page","status-publish","hentry"],"aioseo_notices":[],"_links":{"self":[{"href":"https:\/\/volterra.com.co\/index.php\/wp-json\/wp\/v2\/pages\/196","targetHints":{"allow":["GET"]}}],"collection":[{"href":"https:\/\/volterra.com.co\/index.php\/wp-json\/wp\/v2\/pages"}],"about":[{"href":"https:\/\/volterra.com.co\/index.php\/wp-json\/wp\/v2\/types\/page"}],"author":[{"embeddable":true,"href":"https:\/\/volterra.com.co\/index.php\/wp-json\/wp\/v2\/users\/1"}],"replies":[{"embeddable":true,"href":"https:\/\/volterra.com.co\/index.php\/wp-json\/wp\/v2\/comments?post=196"}],"version-history":[{"count":70,"href":"https:\/\/volterra.com.co\/index.php\/wp-json\/wp\/v2\/pages\/196\/revisions"}],"predecessor-version":[{"id":1566,"href":"https:\/\/volterra.com.co\/index.php\/wp-json\/wp\/v2\/pages\/196\/revisions\/1566"}],"wp:attachment":[{"href":"https:\/\/volterra.com.co\/index.php\/wp-json\/wp\/v2\/media?parent=196"}],"curies":[{"name":"wp","href":"https:\/\/api.w.org\/{rel}","templated":true}]}}